{"id":7370,"date":"2023-03-29T11:13:10","date_gmt":"2023-03-29T11:13:10","guid":{"rendered":"https:\/\/xprrtupdates.com\/?page_id=7370"},"modified":"2023-11-02T09:19:06","modified_gmt":"2023-11-02T09:19:06","slug":"affiliate-policy","status":"publish","type":"page","link":"https:\/\/www.xprrtupdates.com\/de\/affiliate-policy\/","title":{"rendered":"Partnerrichtlinien"},"content":{"rendered":"<p>Bei <a href=\"https:\/\/xprrtupdates.com\/\">Xprrtupdates<\/a>\u00a0Sie finden Links zum Kauf von Produkten von Amazon und anderen Partnern. Wenn Sie auf diese Links klicken, werden Sie manchmal feststellen, dass die URL einen kleinen zus\u00e4tzlichen Text enth\u00e4lt, der darauf hinweist, dass der Klick von unserer Website stammt. Dieser Text ist ein Partnercode und bedeutet, dass wir einen kleinen Prozentsatz des von Ihnen ausgegebenen Geldes erhalten, wenn Sie sich f\u00fcr den Kauf dieses Produkts entscheiden; oder in einigen F\u00e4llen auch anderer Produkte von der Website kurz darauf.<\/p>\n<p>Diese Affiliate-Links helfen, die Kosten f\u00fcr die Erstellung dieser Website zu decken und stellen sicher, dass der Inhalt f\u00fcr Sie kostenlos ist. Dies bedeutet jedoch nicht, dass wir Amazon oder einem anderen Unternehmen gegen\u00fcber in irgendeiner Weise verpflichtet sind. Das Unternehmen hat auch keinen Einfluss auf die redaktionelle Berichterstattung, darauf, welche Produkte wir ver\u00f6ffentlichen, wie wir Produkte bewerten oder welche Produkte positiv bewertet werden. Unsere redaktionellen Inhalte sind v\u00f6llig unvoreingenommen und basieren auf umfangreichen Tests und Recherchen. Obwohl unser Redaktionsteam oft f\u00fcr das Einf\u00fcgen von Links in Seiten verantwortlich ist, sind ihre Bewertungen und Empfehlungen v\u00f6llig redaktionell unabh\u00e4ngig und es besteht kein Anreiz, schlechte Produkte zu empfehlen.<\/p>\n<p>Weitere Informationen finden Sie in unserer\u00a0<a href=\"https:\/\/xprrtupdates.com\/privacy-policy\/\">Datenschutzrichtlinie<\/a>\u00a0Und\u00a0<a href=\"https:\/\/xprrtupdates.com\/cookie-policy\/\">Cookie-Richtlinie<\/a>.<\/p>","protected":false},"excerpt":{"rendered":"<p>Bei Xprrtupdates finden Sie Links zum Kauf von Produkten von Amazon und anderen Partnern. Wenn Sie auf diese Links klicken, werden Sie manchmal feststellen, dass die URL einen kleinen zus\u00e4tzlichen Text enth\u00e4lt, der darauf hinweist, dass der Klick von unserer Website stammt. Dieser Text ist ein Partnercode und bedeutet, dass wir einen kleinen Prozentsatz von<\/p>","protected":false},"author":1,"featured_media":0,"parent":0,"menu_order":0,"comment_status":"closed","ping_status":"closed","template":"","meta":{"footnotes":""},"class_list":["post-7370","page","type-page","status-publish"],"_links":{"self":[{"href":"https:\/\/www.xprrtupdates.com\/de\/wp-json\/wp\/v2\/pages\/7370","targetHints":{"allow":["GET"]}}],"collection":[{"href":"https:\/\/www.xprrtupdates.com\/de\/wp-json\/wp\/v2\/pages"}],"about":[{"href":"https:\/\/www.xprrtupdates.com\/de\/wp-json\/wp\/v2\/types\/page"}],"author":[{"embeddable":true,"href":"https:\/\/www.xprrtupdates.com\/de\/wp-json\/wp\/v2\/users\/1"}],"replies":[{"embeddable":true,"href":"https:\/\/www.xprrtupdates.com\/de\/wp-json\/wp\/v2\/comments?post=7370"}],"version-history":[{"count":0,"href":"https:\/\/www.xprrtupdates.com\/de\/wp-json\/wp\/v2\/pages\/7370\/revisions"}],"wp:attachment":[{"href":"https:\/\/www.xprrtupdates.com\/de\/wp-json\/wp\/v2\/media?parent=7370"}],"curies":[{"name":"wp","href":"https:\/\/api.w.org\/{rel}","templated":true}]}}