{"id":6918,"date":"2023-02-20T10:00:03","date_gmt":"2023-02-20T10:00:03","guid":{"rendered":"https:\/\/xprrtupdates.com\/?page_id=6918"},"modified":"2023-10-31T06:11:32","modified_gmt":"2023-10-31T06:11:32","slug":"about-us","status":"publish","type":"page","link":"https:\/\/www.xprrtupdates.com\/de\/about-us\/","title":{"rendered":"\u00dcber uns"},"content":{"rendered":"<p>XprrtUpdates ist Ihre Anlaufstelle f\u00fcr die neuesten Updates und Einblicke in die Welt der Sch\u00f6nheit, des Gesch\u00e4fts, der Unterhaltung, der Mode und dar\u00fcber hinaus. Unsere Plattform ist darauf ausgerichtet, Ihnen die aktuellsten und relevantesten Informationen aus diesen dynamischen Branchen zu bieten. Ob Sie nach den neuesten Make-up-Trends, den hei\u00dfesten Gesch\u00e4ftsstrategien oder den aufregendsten Entwicklungen in der Unterhaltungswelt suchen, Sie k\u00f6nnen sich darauf verlassen, dass XprrtUpdates Sie auf dem Laufenden h\u00e4lt und einbezieht. Ob Sie ein angehender Unternehmer, ein Modefan oder einfach jemand sind, der gerne \u00fcber die neuesten Trends und Ereignisse auf dem Laufenden bleibt, wir sind hier, um Ihnen zu helfen. XprrtUpdates ist Ihre einzige vertrauensw\u00fcrdige Quelle f\u00fcr alles rund um Sch\u00f6nheit, Gesch\u00e4ft, Unterhaltung, Mode und mehr.<\/p>\n<p>&nbsp;<\/p>","protected":false},"excerpt":{"rendered":"<p>XprrtUpdates ist Ihre Anlaufstelle f\u00fcr die neuesten Updates und Einblicke in die Welt der Sch\u00f6nheit, des Gesch\u00e4fts, der Unterhaltung, der Mode und dar\u00fcber hinaus. Unsere Plattform ist darauf ausgerichtet, Ihnen die aktuellsten und relevantesten Informationen aus diesen dynamischen Branchen zu bieten. Egal, ob Sie nach den neuesten Make-up-Trends, den hei\u00dfesten Gesch\u00e4ftsstrategien oder den aufregendsten Entwicklungen suchen<\/p>","protected":false},"author":1,"featured_media":0,"parent":0,"menu_order":0,"comment_status":"closed","ping_status":"closed","template":"","meta":{"footnotes":""},"class_list":["post-6918","page","type-page","status-publish"],"_links":{"self":[{"href":"https:\/\/www.xprrtupdates.com\/de\/wp-json\/wp\/v2\/pages\/6918","targetHints":{"allow":["GET"]}}],"collection":[{"href":"https:\/\/www.xprrtupdates.com\/de\/wp-json\/wp\/v2\/pages"}],"about":[{"href":"https:\/\/www.xprrtupdates.com\/de\/wp-json\/wp\/v2\/types\/page"}],"author":[{"embeddable":true,"href":"https:\/\/www.xprrtupdates.com\/de\/wp-json\/wp\/v2\/users\/1"}],"replies":[{"embeddable":true,"href":"https:\/\/www.xprrtupdates.com\/de\/wp-json\/wp\/v2\/comments?post=6918"}],"version-history":[{"count":0,"href":"https:\/\/www.xprrtupdates.com\/de\/wp-json\/wp\/v2\/pages\/6918\/revisions"}],"wp:attachment":[{"href":"https:\/\/www.xprrtupdates.com\/de\/wp-json\/wp\/v2\/media?parent=6918"}],"curies":[{"name":"wp","href":"https:\/\/api.w.org\/{rel}","templated":true}]}}