{"id":6910,"date":"2023-02-20T09:39:55","date_gmt":"2023-02-20T09:39:55","guid":{"rendered":"https:\/\/xprrtupdates.com\/?page_id=6910"},"modified":"2023-11-02T09:21:42","modified_gmt":"2023-11-02T09:21:42","slug":"cookie-policy","status":"publish","type":"page","link":"https:\/\/www.xprrtupdates.com\/de\/cookie-policy\/","title":{"rendered":"Cookie-Richtlinie"},"content":{"rendered":"<p>Dies ist die Cookie-Richtlinie f\u00fcr xprrtupdates, zug\u00e4nglich \u00fcber https:\/\/xprrtupdates.com<\/p>\r\n\r\n\r\n\r\n<p><strong>Was sind Cookies<\/strong><\/p>\r\n\r\n\r\n\r\n<p>Wie bei fast allen professionellen Websites \u00fcblich, verwendet diese Website Cookies, kleine Dateien, die auf Ihren Computer heruntergeladen werden, um Ihr Erlebnis zu verbessern. Auf dieser Seite wird beschrieben, welche Informationen sie sammeln, wie wir sie verwenden und warum wir diese Cookies manchmal speichern m\u00fcssen. Wir erkl\u00e4ren Ihnen auch, wie Sie die Speicherung dieser Cookies verhindern k\u00f6nnen. Dies kann jedoch dazu f\u00fchren, dass bestimmte Elemente der Website-Funktionalit\u00e4t beeintr\u00e4chtigt oder \u201ebesch\u00e4digt\u201c werden.<\/p>\r\n\r\n\r\n\r\n<p><strong>Wie wir Cookies verwenden<\/strong><\/p>\r\n\r\n\r\n\r\n<p>Wir verwenden Cookies aus einer Reihe von Gr\u00fcnden, die im Folgenden n\u00e4her erl\u00e4utert werden. Leider gibt es in den meisten F\u00e4llen keine branchen\u00fcblichen Optionen zum Deaktivieren von Cookies, ohne die Funktionalit\u00e4t und Funktionen, die sie dieser Website hinzuf\u00fcgen, vollst\u00e4ndig zu deaktivieren. Es wird empfohlen, alle Cookies aktiviert zu lassen, wenn Sie nicht sicher sind, ob Sie sie ben\u00f6tigen oder nicht, falls sie zur Bereitstellung eines von Ihnen genutzten Dienstes verwendet werden.<\/p>\r\n\r\n\r\n\r\n<p><strong>Cookies deaktivieren<\/strong><\/p>\r\n\r\n\r\n\r\n<p>Sie k\u00f6nnen das Setzen von Cookies verhindern, indem Sie die Einstellungen Ihres Browsers anpassen (Informationen hierzu finden Sie in der Hilfefunktion Ihres Browsers). Beachten Sie, dass das Deaktivieren von Cookies die Funktionalit\u00e4t dieser und vieler anderer von Ihnen besuchter Websites beeintr\u00e4chtigt. Das Deaktivieren von Cookies f\u00fchrt normalerweise auch dazu, dass bestimmte Funktionen und Merkmale dieser Website deaktiviert werden. Daher wird empfohlen, Cookies nicht zu deaktivieren. Diese Cookie-Richtlinie wurde mit Hilfe der\u00a0<a href=\"https:\/\/xprrtupdates.com\/\">Generator f\u00fcr Cookie-Richtlinien<\/a>.<\/p>\r\n\r\n\r\n\r\n<p><strong>Die von uns gesetzten Cookies<\/strong><\/p>\r\n\r\n\r\n\r\n<ul class=\"wp-block-list\">\r\n<li>Cookies im Zusammenhang mit E-Mail-NewsletternDiese Site bietet Newsletter- oder E-Mail-Abonnementdienste an und Cookies k\u00f6nnen verwendet werden, um sich zu merken, ob Sie bereits registriert sind und ob bestimmte Benachrichtigungen angezeigt werden sollen, die m\u00f6glicherweise nur f\u00fcr abonnierte\/nicht abonnierte Benutzer g\u00fcltig sind.<\/li>\r\n\r\n\r\n\r\n<li>Formularbezogene CookiesWenn Sie Daten \u00fcber ein Formular \u00fcbermitteln, wie es beispielsweise auf Kontaktseiten oder Kommentarformularen zu finden ist, k\u00f6nnen Cookies gesetzt werden, um Ihre Benutzerdaten f\u00fcr zuk\u00fcnftige Korrespondenz zu speichern.<\/li>\r\n\r\n\r\n\r\n<li>Cookies f\u00fcr WebsiteeinstellungenUm Ihnen ein gro\u00dfartiges Erlebnis auf dieser Website zu bieten, bieten wir die Funktion, Ihre Einstellungen f\u00fcr die Ausf\u00fchrung dieser Website bei Verwendung festzulegen. Um Ihre Einstellungen zu speichern, m\u00fcssen wir Cookies setzen, damit diese Informationen aufgerufen werden k\u00f6nnen, wenn Sie mit einer Seite interagieren, die von Ihren Einstellungen betroffen ist.<\/li>\r\n<\/ul>\r\n\r\n\r\n\r\n<p><strong>Cookies von Drittanbietern<\/strong><\/p>\r\n\r\n\r\n\r\n<p>In einigen besonderen F\u00e4llen verwenden wir auch Cookies von vertrauensw\u00fcrdigen Drittanbietern. Im folgenden Abschnitt erfahren Sie, auf welche Drittanbieter-Cookies Sie auf dieser Website sto\u00dfen k\u00f6nnten.<\/p>\r\n\r\n\r\n\r\n<ul class=\"wp-block-list\">\r\n<li>Diese Website verwendet Google Analytics, eine der am weitesten verbreiteten und vertrauensw\u00fcrdigsten Analysel\u00f6sungen im Internet. Sie hilft uns dabei, zu verstehen, wie Sie die Website nutzen und wie wir Ihr Erlebnis verbessern k\u00f6nnen. Diese Cookies k\u00f6nnen beispielsweise nachverfolgen, wie lange Sie auf der Website bleiben und welche Seiten Sie besuchen, damit wir weiterhin ansprechende Inhalte erstellen k\u00f6nnen. Weitere Informationen zu Google Analytics-Cookies finden Sie auf der offiziellen Google Analytics-Seite.<\/li>\r\n\r\n\r\n\r\n<li>Mithilfe von Analysen von Drittanbietern k\u00f6nnen wir die Nutzung dieser Website verfolgen und messen, damit wir weiterhin ansprechende Inhalte erstellen k\u00f6nnen. Diese Cookies k\u00f6nnen beispielsweise verfolgen, wie lange Sie auf der Website bleiben oder welche Seiten Sie besuchen. Dies hilft uns zu verstehen, wie wir die Website f\u00fcr Sie verbessern k\u00f6nnen.<\/li>\r\n\r\n\r\n\r\n<li>Von Zeit zu Zeit testen wir neue Funktionen und nehmen geringf\u00fcgige \u00c4nderungen an der Bereitstellung der Website vor. Wenn wir noch neue Funktionen testen, k\u00f6nnen diese Cookies verwendet werden, um sicherzustellen, dass Sie auf der Website ein einheitliches Erlebnis haben und wir gleichzeitig verstehen, welche Optimierungen unsere Benutzer am meisten sch\u00e4tzen.<\/li>\r\n\r\n\r\n\r\n<li>Da wir Produkte verkaufen, ist es f\u00fcr uns wichtig, Statistiken dar\u00fcber zu erhalten, wie viele Besucher unserer Website tats\u00e4chlich einen Kauf t\u00e4tigen. Diese Art von Daten werden von diesen Cookies erfasst. Dies ist f\u00fcr Sie wichtig, da wir dadurch genaue Gesch\u00e4ftsprognosen erstellen k\u00f6nnen, die es uns erm\u00f6glichen, unsere Werbe- und Produktkosten zu \u00fcberwachen, um den bestm\u00f6glichen Preis sicherzustellen.<\/li>\r\n\r\n\r\n\r\n<li>Der von uns zur Bereitstellung von Werbung genutzte Dienst Google AdSense verwendet ein DoubleClick-Cookie, um im gesamten Web relevantere Anzeigen bereitzustellen und die H\u00e4ufigkeit zu begrenzen, mit der Ihnen eine bestimmte Anzeige angezeigt wird. Weitere Informationen zu Google AdSense finden Sie in den offiziellen Datenschutz-FAQs zu Google AdSense.<\/li>\r\n\r\n\r\n\r\n<li>Wir verwenden Anzeigen, um die Kosten f\u00fcr den Betrieb dieser Website zu decken und die weitere Entwicklung zu finanzieren. Die von dieser Website verwendeten verhaltensbasierten Werbe-Cookies sollen sicherstellen, dass wir Ihnen m\u00f6glichst relevante Anzeigen bereitstellen, indem wir Ihre Interessen anonym verfolgen und Ihnen \u00e4hnliche Dinge pr\u00e4sentieren, die f\u00fcr Sie von Interesse sein k\u00f6nnten.<\/li>\r\n\r\n\r\n\r\n<li>Mehrere Partner werben in unserem Namen und Affiliate-Tracking-Cookies erm\u00f6glichen es uns lediglich zu sehen, ob unsere Kunden \u00fcber eine unserer Partner-Sites auf die Site gelangt sind, damit wir ihnen die entsprechenden Betr\u00e4ge gutschreiben und unseren Affiliate-Partnern ggf. die Gew\u00e4hrung von Boni erm\u00f6glichen k\u00f6nnen, die sie Ihnen f\u00fcr einen Einkauf gew\u00e4hren.<\/li>\r\n\r\n\r\n\r\n<li>Wir verwenden auf dieser Site auch Schaltfl\u00e4chen und\/oder Plugins f\u00fcr soziale Medien, mit denen Sie sich auf verschiedene Weise mit Ihrem sozialen Netzwerk verbinden k\u00f6nnen. Damit diese funktionieren, setzen die folgenden sozialen Medien-Sites, darunter {Liste der sozialen Netzwerke auf, deren Funktionen Sie in Ihre Site integriert haben?:12}, \u00fcber unsere Site Cookies, die verwendet werden k\u00f6nnen, um Ihr Profil auf ihrer Site zu verbessern oder zu den Daten beizutragen, die sie f\u00fcr verschiedene Zwecke speichern, die in ihren jeweiligen Datenschutzrichtlinien beschrieben sind.<\/li>\r\n<\/ul>\r\n\r\n\r\n\r\n<p><strong>Weitere Informationen<\/strong><\/p>\r\n\r\n\r\n\r\n<p>Wir hoffen, dass dies die Dinge f\u00fcr Sie gekl\u00e4rt hat. Und wie bereits erw\u00e4hnt, ist es normalerweise sicherer, Cookies aktiviert zu lassen, falls sie mit einer der Funktionen interagieren, die Sie auf unserer Site verwenden, falls Sie nicht sicher sind, ob Sie etwas ben\u00f6tigen oder nicht.<\/p>\r\n\r\n\r\n\r\n<p>Weitere allgemeine Informationen zu Cookies finden Sie unter\u00a0<a href=\"https:\/\/xprrtupdates.com\/\">der Artikel zur Cookie-Richtlinie<\/a>.<\/p>\r\n\r\n\r\n\r\n<p>Wenn Sie jedoch noch weitere Informationen ben\u00f6tigen, k\u00f6nnen Sie uns \u00fcber eine unserer bevorzugten Kontaktmethoden erreichen:<\/p>\r\n\r\n\r\n\r\n<ul class=\"wp-block-list\">\r\n<li>Email:\u00a0updates@xprrtupdates.com<\/li>\r\n<\/ul>","protected":false},"excerpt":{"rendered":"<p>Dies ist die Cookie-Richtlinie f\u00fcr xprrtupdates, zug\u00e4nglich unter https:\/\/xprrtupdates.com Was sind Cookies? Wie bei fast allen professionellen Websites \u00fcblich, verwendet diese Website Cookies, kleine Dateien, die auf Ihren Computer heruntergeladen werden, um Ihr Erlebnis zu verbessern. Auf dieser Seite wird beschrieben, welche Informationen sie sammeln, wie wir sie verwenden und warum wir manchmal<\/p>","protected":false},"author":1,"featured_media":0,"parent":0,"menu_order":0,"comment_status":"closed","ping_status":"closed","template":"","meta":{"footnotes":""},"class_list":["post-6910","page","type-page","status-publish"],"_links":{"self":[{"href":"https:\/\/www.xprrtupdates.com\/de\/wp-json\/wp\/v2\/pages\/6910","targetHints":{"allow":["GET"]}}],"collection":[{"href":"https:\/\/www.xprrtupdates.com\/de\/wp-json\/wp\/v2\/pages"}],"about":[{"href":"https:\/\/www.xprrtupdates.com\/de\/wp-json\/wp\/v2\/types\/page"}],"author":[{"embeddable":true,"href":"https:\/\/www.xprrtupdates.com\/de\/wp-json\/wp\/v2\/users\/1"}],"replies":[{"embeddable":true,"href":"https:\/\/www.xprrtupdates.com\/de\/wp-json\/wp\/v2\/comments?post=6910"}],"version-history":[{"count":0,"href":"https:\/\/www.xprrtupdates.com\/de\/wp-json\/wp\/v2\/pages\/6910\/revisions"}],"wp:attachment":[{"href":"https:\/\/www.xprrtupdates.com\/de\/wp-json\/wp\/v2\/media?parent=6910"}],"curies":[{"name":"wp","href":"https:\/\/api.w.org\/{rel}","templated":true}]}}