{"id":6907,"date":"2023-02-20T09:37:31","date_gmt":"2023-02-20T09:37:31","guid":{"rendered":"https:\/\/xprrtupdates.com\/?page_id=6907"},"modified":"2023-10-31T06:13:34","modified_gmt":"2023-10-31T06:13:34","slug":"contact-us","status":"publish","type":"page","link":"https:\/\/www.xprrtupdates.com\/de\/contact-us\/","title":{"rendered":"Kontaktiere uns"},"content":{"rendered":"<div data-elementor-type=\"wp-page\" data-elementor-id=\"6907\" class=\"elementor elementor-6907\">\n\t\t\t\t\t\t<section class=\"has-el-gap el-gap-default elementor-section elementor-top-section elementor-element elementor-element-91cc94f elementor-section-boxed elementor-section-height-default elementor-section-height-default\" data-id=\"91cc94f\" data-element_type=\"section\" data-e-type=\"section\">\n\t\t\t\t\t\t<div class=\"elementor-container elementor-column-gap-no\">\n\t\t\t\t\t<div class=\"elementor-column elementor-col-100 elementor-top-column elementor-element elementor-element-3e6ef4e\" data-id=\"3e6ef4e\" data-element_type=\"column\" data-e-type=\"column\">\n\t\t\t<div class=\"elementor-widget-wrap elementor-element-populated\">\n\t\t\t\t\t\t<div class=\"elementor-element elementor-element-8160017 elementor-widget elementor-widget-heading\" data-id=\"8160017\" data-element_type=\"widget\" data-e-type=\"widget\" data-widget_type=\"heading.default\">\n\t\t\t\t<div class=\"elementor-widget-container\">\n\t\t\t\t\t<h1 class=\"elementor-heading-title elementor-size-large\">Kontaktiere uns<\/h1>\t\t\t\t<\/div>\n\t\t\t\t<\/div>\n\t\t\t\t<div class=\"elementor-element elementor-element-cf53042 elementor-widget elementor-widget-text-editor\" data-id=\"cf53042\" data-element_type=\"widget\" data-e-type=\"widget\" data-widget_type=\"text-editor.default\">\n\t\t\t\t<div class=\"elementor-widget-container\">\n\t\t\t\t\t\t\t\t\t<p style=\"box-sizing: border-box; margin-bottom: 21px; font-size: 14px; font-family: Roboto, system-ui, -apple-system, 'Segoe UI', Arial, sans-serif; color: #444444;\">Xprrtupdates ist davon \u00fcberzeugt, dass kontinuierliche Kommunikation der Schl\u00fcssel zu gro\u00dfartigen Partnerschaften und Kooperationen ist. Unser Supportteam steht Ihnen rund um die Uhr zur Verf\u00fcgung.<\/p><p style=\"box-sizing: border-box; font-size: 14px; font-family: Roboto, system-ui, -apple-system, 'Segoe UI', Arial, sans-serif; --post-content-gaps: 0; color: #444444;\">Kontaktieren Sie uns jederzeit einfach per E-Mail an <strong>updates@xprrtupdates.com<\/strong><br style=\"box-sizing: border-box;\" \/><br style=\"box-sizing: border-box;\" \/>Oder kontaktieren Sie uns \u00fcber unsere Social-Media-Kan\u00e4le<\/p>\t\t\t\t\t\t\t\t<\/div>\n\t\t\t\t<\/div>\n\t\t\t\t<div class=\"elementor-element elementor-element-4bb338d elementor-widget elementor-widget-smartmag-socialicons\" data-id=\"4bb338d\" data-element_type=\"widget\" data-e-type=\"widget\" data-widget_type=\"smartmag-socialicons.default\">\n\t\t\t\t<div class=\"elementor-widget-container\">\n\t\t\t\t\t\n\t\t<div class=\"spc-social-block spc-social spc-social-a\">\n\t\t\n\t\t\t\n\t\t\t\t<a href=\"#\" class=\"link service s-facebook\" target=\"_blank\" rel=\"nofollow noopener\">\n\t\t\t\t\t<i class=\"icon tsi tsi-facebook\"><\/i>\t\t\t\t\t<span class=\"visuallyhidden\">auf facebook.<\/span>\n\t\t\t\t<\/a>\n\t\t\t\t\t\t\t\t\t\n\t\t\t\n\t\t\t\t<a href=\"#\" class=\"link service s-twitter\" target=\"_blank\" rel=\"nofollow noopener\">\n\t\t\t\t\t<i class=\"icon tsi tsi-twitter\"><\/i>\t\t\t\t\t<span class=\"visuallyhidden\">X (Twitter)<\/span>\n\t\t\t\t<\/a>\n\t\t\t\t\t\t\t\t\t\n\t\t\t\n\t\t\t\t<a href=\"#\" class=\"link service s-instagram\" target=\"_blank\" rel=\"nofollow noopener\">\n\t\t\t\t\t<i class=\"icon tsi tsi-instagram\"><\/i>\t\t\t\t\t<span class=\"visuallyhidden\">Instagram<\/span>\n\t\t\t\t<\/a>\n\t\t\t\t\t\t\t\t\t\n\t\t\t\n\t\t\t\t<a href=\"#\" class=\"link service s-pinterest\" target=\"_blank\" rel=\"nofollow noopener\">\n\t\t\t\t\t<i class=\"icon tsi tsi-pinterest-p\"><\/i>\t\t\t\t\t<span class=\"visuallyhidden\">Pinterest<\/span>\n\t\t\t\t<\/a>\n\t\t\t\t\t\t\t\t\t\n\t\t\t\n\t\t<\/div>\n\n\t\t\t\t\t\t<\/div>\n\t\t\t\t<\/div>\n\t\t\t\t<div class=\"elementor-element elementor-element-e5c7055 elementor-widget elementor-widget-text-editor\" data-id=\"e5c7055\" data-element_type=\"widget\" data-e-type=\"widget\" data-widget_type=\"text-editor.default\">\n\t\t\t\t<div class=\"elementor-widget-container\">\n\t\t\t\t\t\t\t\t\t<p>Unser Team antwortet innerhalb von 48 Stunden nach der Kommunikation.<\/p><p>Wir freuen uns auf gro\u00dfartige Partnerschaften mit Ihnen. Wir hoffen, gemeinsam mit all unseren Kunden zu wachsen.<\/p>\t\t\t\t\t\t\t\t<\/div>\n\t\t\t\t<\/div>\n\t\t\t\t\t<\/div>\n\t\t<\/div>\n\t\t\t\t\t<\/div>\n\t\t<\/section>\n\t\t\t\t<\/div>","protected":false},"excerpt":{"rendered":"<p>Kontaktieren Sie uns Xprrtupdates ist davon \u00fcberzeugt, dass eine kontinuierliche Kommunikation der Schl\u00fcssel zu gro\u00dfartigen Partnerschaften und Kooperationen ist. Unser Support-Team steht Ihnen rund um die Uhr zur Verf\u00fcgung. Sie k\u00f6nnen uns jederzeit mit einer einfachen E-Mail an updates@xprrtupdates.com kontaktieren. Oder kontaktieren Sie uns \u00fcber unsere Social-Media-Kan\u00e4le Facebook Twitter Instagram Pinterest Unser Team antwortet innerhalb von 48 Stunden<\/p>","protected":false},"author":1,"featured_media":0,"parent":0,"menu_order":0,"comment_status":"closed","ping_status":"closed","template":"page-templates\/no-wrapper.php","meta":{"footnotes":""},"class_list":["post-6907","page","type-page","status-publish"],"_links":{"self":[{"href":"https:\/\/www.xprrtupdates.com\/de\/wp-json\/wp\/v2\/pages\/6907","targetHints":{"allow":["GET"]}}],"collection":[{"href":"https:\/\/www.xprrtupdates.com\/de\/wp-json\/wp\/v2\/pages"}],"about":[{"href":"https:\/\/www.xprrtupdates.com\/de\/wp-json\/wp\/v2\/types\/page"}],"author":[{"embeddable":true,"href":"https:\/\/www.xprrtupdates.com\/de\/wp-json\/wp\/v2\/users\/1"}],"replies":[{"embeddable":true,"href":"https:\/\/www.xprrtupdates.com\/de\/wp-json\/wp\/v2\/comments?post=6907"}],"version-history":[{"count":0,"href":"https:\/\/www.xprrtupdates.com\/de\/wp-json\/wp\/v2\/pages\/6907\/revisions"}],"wp:attachment":[{"href":"https:\/\/www.xprrtupdates.com\/de\/wp-json\/wp\/v2\/media?parent=6907"}],"curies":[{"name":"wp","href":"https:\/\/api.w.org\/{rel}","templated":true}]}}